{"id":2122,"date":"2018-07-18T13:29:05","date_gmt":"2018-07-18T13:29:05","guid":{"rendered":"http:kaos.at\/get\/tickets-2\/"},"modified":"2025-09-18T15:59:49","modified_gmt":"2025-09-18T13:59:49","slug":"expertise","status":"publish","type":"page","link":"https:\/\/www.kaos.at\/en\/get\/expertise\/","title":{"rendered":"Expertise"},"content":{"rendered":"<div id=\"block-5094\" class=\"block b-text-aside\">\n\n\t\n\t<style type=\"text\/css\">\n\n\t\t\n\t\t\t#block-5094 .b-text-aside-content-background {\n\t\t\t\tbackground: #faefef;\n\t\t\t}\n\n\t\t\n\t<\/style>\n\n\t<div class=\"container\">\n\t\t<div class=\"row row-stretch vertical-sm-row\">\n\n\t\t\t<div class=\"col b-text-aside-picture-col\">\n\t\t\t\t<div class=\"b-text-aside-picture\" style=\"background-image: url(https:\/\/www.kaos.at\/app\/uploads\/2018\/11\/20121127-Podiumsdiskussion_Lernen-mit-Begeisterung-027-e1560778842373-1024x0-c-default.jpg);\"><\/div>\n\t\t\t<\/div>\n\n\t\t\t<div class=\"col b-text-aside-content-col\">\n\t\t\t\t<div class=\"b-text-aside-content-background\"><\/div>\n\t\t\t\t<div class=\"b-text-aside-content-foreground\">\n\t\t\t\t\t<div class=\"b-text-aside-content formated-text-content formated-text-big-link\">\n\t\t\t\t\t\t<h3>Expertise<\/h3>\n<p>Since 1991 our experience and knowledge has made us an essential reference in circus pedagogy not only in Austria, but also in Europe. At our core is the fundamental idea that humans develop through movement, and circus has been our main instrument to implement this idea.<\/p>\n<ul>\n<li>Circus KAOS (the first children&#8217;s and youth circus in Austria) together with Sportverein PARA developed a unique approach to work with children and teenagers from 6 months to 18 years old.<\/li>\n<li>We research, plan and design movement spaces for kindergarten, nursery and play schools.<\/li>\n<li>We design and sell circus and sports material.<\/li>\n<li>We put together professional and semi-professional productions or show acts.<\/li>\n<li>We founded the Zirkusakademie Wien to train trainers and teach circus pedagogy in a structured program for adults. This is the first education program in the area of circus in Austria.<\/li>\n<li>We participate in social circus projects in South America, Africa, Asia and Europe among others.<\/li>\n<li>We&#8217;ve been shaping the development of the Austrian circus scene substantially, and contributed to the arrival of other circus schools.<\/li>\n<li>We are recognized as a strong and credible voice advocating for public support and infrastructure for circus.<\/li>\n<\/ul>\n<p>Our knowledge and know-how comes from the diversity of our experiences; they are backed up by a solid theoretical background, which makes us quite unique in Austria and in Europe. We have experts and expertise we like to share for interviews, projects, or specific events. We participate regularly in seminars, conferences and congresses at home and abroad.<\/p>\n<p><a href=\"https:\/\/www.kaos.at\/app\/uploads\/2019\/01\/2018-kaOs-Konstruktionen_Tilmann-Schleicher.pdf\" target=\"_blank\" rel=\"noopener\">Portfolio kaOs-constructions<\/a><\/p>\n<h4><strong>Further reading:<\/strong><\/h4>\n<ul>\n<li>Schleicher, Ruth:\u00a0<a href=\"https:\/\/www.kaos.at\/app\/uploads\/2019\/01\/2006-Ruth-Schleicher_Kind-sein-im-Circus-KAOS.pdf\" target=\"_blank\" rel=\"noopener\">Kind sein im Circus KAOS &#8211; Selbstbestimmte\u00a0Bewegungserfahrung als Impuls zu einem positiven Selbstkonzept.<\/a> Diplomarbeit.\u00a0 Wien, 2006.<\/li>\n<li>Schleicher, Ruth in:\u00a0<a href=\"http:\/\/www.stadtflanerien.at\/content\/hoerbuecher\" target=\"_blank\" rel=\"noopener\">H\u00f6rbuch Floridsdorf<\/a><\/li>\n<li>Schleicher, Tilmann:\u00a0<a href=\"https:\/\/www.mediathek.at\/portalsuche\/?q%5B%5D=Tilmann+Schleicher\" target=\"_blank\" rel=\"noopener\">Oral History Interview. Projekt &#8220;Menschenleben&#8221;<\/a>. \u00d6sterreichische Mediathek, 2012.<\/li>\n<li>Wallraff, Sarah: <a href=\"https:\/\/www.kaos.at\/app\/uploads\/2019\/05\/2019-Sarah-Wallraff_Portrait-prekarisierter-Lebenswelten-in-Wien.pdf\" target=\"_blank\" rel=\"noopener\">Portrait prekarisierter Lebenswelten in Wien &#8211; K\u00fcnstler*innen des Circus KAOS<\/a>. Bachelorarbeit. Wien, 2018.<\/li>\n<li>Schleicher, Ruth: <a href=\"https:\/\/www.kaos.at\/app\/uploads\/2020\/01\/2020-01_Gleichgeweichtskunst-mit-Einrad-und-Rola-Bola_SportPraxis_Website-compressed.pdf\" target=\"_blank\" rel=\"noopener\">Gleichgewichtskunst mit Einrad und Rola Bola.<\/a> SportPraxis. 1\/2020.<\/li>\n<li><a href=\"https:\/\/youtu.be\/CBIDGjIEfKM\" target=\"_blank\" rel=\"noopener\">Bewegung &#8211; der entscheidende Impuls f\u00fcr die Entwicklung von Kindern<\/a> (youtube)<\/li>\n<li><a href=\"https:\/\/www.youtube.com\/watch?v=iaHeKyBEW3Y\" target=\"_blank\" rel=\"noopener\">kaOs beantwortet die Fragen der Jugendlichen von ProVita<\/a> (youtube)<\/li>\n<li>Schleicher, Ruth &amp; Schleicher, Tilmann: <a href=\"https:\/\/www.kaos.at\/app\/uploads\/2025\/09\/2022_Schleicher_Der-entscheidende-Impuls-fuer-die-Entwicklung-von-Kindern_PH-Journal.pdf\" target=\"_blank\" rel=\"noopener\">Bewegung &#8211; Der entscheidende Impuls f\u00fcr die Entwicklung von Kindern: \u00dcber Bewegungsm\u00f6glichkeiten f\u00fcr Kinder in der Elementarp\u00e4dagogik.<\/a> Journal f\u00fcr Elementar- und Primarbildung. Bd.1 Nr.1 (2022): Sichtbar machen.<\/li>\n<li><a href=\"https:\/\/youtu.be\/1ZXo-yutkqs\" target=\"_blank\" rel=\"noopener\">Tag der Motorik im Praxiskindergarten der BAfEP8<\/a> (youtube)<\/li>\n<li>Schleicher, Tilmann auf: <a href=\"https:\/\/cba.fro.at\/621755\" target=\"_blank\" rel=\"noopener\">Was geht ab in Mordor &#8211; Der transdanubische Kultursender.<\/a> Folge 16. Wien, 2023.<\/li>\n<li>Pointner, Stefan &amp; Schleicher, Ruth: <a href=\"https:\/\/jep.phwien.ac.at\/index.php\/JEP\/article\/view\/59\" target=\"_blank\" rel=\"noopener\">Andersen und Anderssein &#8211; kann es nicht anders(s)e(i)n?: Neudenken eines M\u00e4rchens f\u00fcr das Entdecken divergenter Handlungsm\u00f6glichkeiten.<\/a> Journal f\u00fcr Elementar- und Primarbildung. Bd.2 Nr.2 (2023): Lernr\u00e4ume (in der Elementar- und Primarbildung).<\/li>\n<li>Schleicher, Ruth &amp; Schleicher, Tilmann: <a href=\"https:\/\/onlinecampus.virtuelle-ph.at\/course\/view.php?id=3283\" target=\"_blank\" rel=\"noopener\">Bewegungsimpulse in der Elementarp\u00e4dagogik.<\/a> Bundesministerium f\u00fcr Bildung, Wissenschaft und Forschung, 2024.<\/li>\n<li>Schleicher, Ruth &amp; Schleicher, Tilmann: <a href=\"https:\/\/www.kaos.at\/app\/uploads\/2025\/02\/Bewegungsimpulse-in-der-Elementarpaedagogik_Begleitheft-kompr.pdf\" target=\"_blank\" rel=\"noopener\">Begleitheft &#8211; Bewegungsimpulse in der Elementarp\u00e4dagogik.<\/a> Bundesministerium f\u00fcr Bildung, Wissenschaft und Forschung, 2024.<\/li>\n<li>Schleicher, Ruth: <a href=\"https:\/\/www.kaos.at\/app\/uploads\/2025\/02\/2025-02_Ruth-Schleicher_Ich-bin-ich-Maedchen-sein-ist-supertoll.pdf\" target=\"_blank\" rel=\"noopener\">Ich bin ich &#8211; M\u00e4dchen sein ist supertoll.<\/a> Originaltext f\u00fcr &#8220;Unsere Kinder&#8221;, Ausgabe 1\/2025.<\/li>\n<\/ul>\n<p><a class=\"button-rect\" href=\"https:\/\/www.kaos.at\/anfrageformular-bestellen\/\">Contact<\/a><\/p>\n<p>&nbsp;<\/p>\n\n\t\t\t\t\t<\/div>\n\t\t\t\t<\/div>\n\t\t\t<\/div>\n\n\t\t<\/div>\n\t<\/div>\n\n<\/div><div id=\"block-5095\" class=\"block b-photo-gallery b-photo-gallery--small\" data-watch=\"enter\">\n\t<div class=\"container\">\n\t\t<div class=\"b-photo-gallery-items\">\n\t\t\t\t\t\t\t<a class=\"b-photo-gallery-item\" href=\"https:\/\/www.kaos.at\/app\/uploads\/2018\/11\/20121127-Podiumsdiskussion_Lernen-mit-Begeisterung-049.jpg\" data-fancybox=\"block-5095\">\n\t\t\t\t\t<div class=\"b-photo-gallery-item-image\" style=\"background-image: url(https:\/\/www.kaos.at\/app\/uploads\/2018\/11\/20121127-Podiumsdiskussion_Lernen-mit-Begeisterung-049-512x512-c-default.jpg);\"><\/div>\n\t\t\t\t<\/a>\n\t\t\t\t\t\t\t<a class=\"b-photo-gallery-item\" href=\"https:\/\/www.kaos.at\/app\/uploads\/2018\/11\/20121127-Podiumsdiskussion_Lernen-mit-Begeisterung-039.jpg\" data-fancybox=\"block-5095\">\n\t\t\t\t\t<div class=\"b-photo-gallery-item-image\" style=\"background-image: url(https:\/\/www.kaos.at\/app\/uploads\/2018\/11\/20121127-Podiumsdiskussion_Lernen-mit-Begeisterung-039-512x512-c-default.jpg);\"><\/div>\n\t\t\t\t<\/a>\n\t\t\t\t\t\t\t<a class=\"b-photo-gallery-item\" href=\"https:\/\/www.kaos.at\/app\/uploads\/2018\/11\/20121127-Podiumsdiskussion_Lernen-mit-Begeisterung-027.jpg\" data-fancybox=\"block-5095\">\n\t\t\t\t\t<div class=\"b-photo-gallery-item-image\" style=\"background-image: url(https:\/\/www.kaos.at\/app\/uploads\/2018\/11\/20121127-Podiumsdiskussion_Lernen-mit-Begeisterung-027-512x512-c-default.jpg);\"><\/div>\n\t\t\t\t<\/a>\n\t\t\t\t\t\t\t<a class=\"b-photo-gallery-item\" href=\"https:\/\/www.kaos.at\/app\/uploads\/2018\/11\/20161203-Round-Table-Winterfest-03_Paul-Scheer.jpg\" data-fancybox=\"block-5095\">\n\t\t\t\t\t<div class=\"b-photo-gallery-item-image\" style=\"background-image: url(https:\/\/www.kaos.at\/app\/uploads\/2018\/11\/20161203-Round-Table-Winterfest-03_Paul-Scheer-512x512-c-default.jpg);\"><\/div>\n\t\t\t\t<\/a>\n\t\t\t\t\t\t\t<a class=\"b-photo-gallery-item\" href=\"https:\/\/www.kaos.at\/app\/uploads\/2018\/11\/20161203-Round-Table-Winterfest-08_Paul-Scheer.jpg\" data-fancybox=\"block-5095\">\n\t\t\t\t\t<div class=\"b-photo-gallery-item-image\" style=\"background-image: url(https:\/\/www.kaos.at\/app\/uploads\/2018\/11\/20161203-Round-Table-Winterfest-08_Paul-Scheer-512x512-c-default.jpg);\"><\/div>\n\t\t\t\t<\/a>\n\t\t\t\t\t\t\t<a class=\"b-photo-gallery-item\" href=\"https:\/\/www.kaos.at\/app\/uploads\/2018\/11\/20170320-VO-Participate-Circus-KAOS-19_Julia-Schleicher.jpg\" data-fancybox=\"block-5095\">\n\t\t\t\t\t<div class=\"b-photo-gallery-item-image\" style=\"background-image: url(https:\/\/www.kaos.at\/app\/uploads\/2018\/11\/20170320-VO-Participate-Circus-KAOS-19_Julia-Schleicher-512x512-c-default.jpg);\"><\/div>\n\t\t\t\t<\/a>\n\t\t\t\t\t\t\t<a class=\"b-photo-gallery-item\" href=\"https:\/\/www.kaos.at\/app\/uploads\/2018\/11\/20170320-Vorlesung-Participate-Circus-KAOS-10_Bianca-Michalek.jpg\" data-fancybox=\"block-5095\">\n\t\t\t\t\t<div class=\"b-photo-gallery-item-image\" style=\"background-image: url(https:\/\/www.kaos.at\/app\/uploads\/2018\/11\/20170320-Vorlesung-Participate-Circus-KAOS-10_Bianca-Michalek-512x512-c-default.jpg);\"><\/div>\n\t\t\t\t<\/a>\n\t\t\t\t\t\t\t<a class=\"b-photo-gallery-item\" href=\"https:\/\/www.kaos.at\/app\/uploads\/2018\/11\/20170320-Vorlesung-Participate-Circus-KAOS-14_Bianca-Michalek.jpg\" data-fancybox=\"block-5095\">\n\t\t\t\t\t<div class=\"b-photo-gallery-item-image\" style=\"background-image: url(https:\/\/www.kaos.at\/app\/uploads\/2018\/11\/20170320-Vorlesung-Participate-Circus-KAOS-14_Bianca-Michalek-512x512-c-default.jpg);\"><\/div>\n\t\t\t\t<\/a>\n\t\t\t\t\t\t\t<a class=\"b-photo-gallery-item\" href=\"https:\/\/www.kaos.at\/app\/uploads\/2018\/11\/20170320-Vorlesung-Participate-Circus-KAOS-27_Bianca-Michalek.jpg\" data-fancybox=\"block-5095\">\n\t\t\t\t\t<div class=\"b-photo-gallery-item-image\" style=\"background-image: url(https:\/\/www.kaos.at\/app\/uploads\/2018\/11\/20170320-Vorlesung-Participate-Circus-KAOS-27_Bianca-Michalek-512x512-c-default.jpg);\"><\/div>\n\t\t\t\t<\/a>\n\t\t\t\t\t\t\t<a class=\"b-photo-gallery-item\" href=\"https:\/\/www.kaos.at\/app\/uploads\/2018\/11\/20131011_-_N.I.C.E._in_Aarhus_-_01_Ruth_Schleicher.jpg\" data-fancybox=\"block-5095\">\n\t\t\t\t\t<div class=\"b-photo-gallery-item-image\" style=\"background-image: url(https:\/\/www.kaos.at\/app\/uploads\/2018\/11\/20131011_-_N.I.C.E._in_Aarhus_-_01_Ruth_Schleicher-512x512-c-default.jpg);\"><\/div>\n\t\t\t\t<\/a>\n\t\t\t\t\t\t\t<a class=\"b-photo-gallery-item\" href=\"https:\/\/www.kaos.at\/app\/uploads\/2018\/11\/20131011_-_N.I.C.E._in_Aarhus_-_03_Ruth_Schleicher.jpg\" data-fancybox=\"block-5095\">\n\t\t\t\t\t<div class=\"b-photo-gallery-item-image\" style=\"background-image: url(https:\/\/www.kaos.at\/app\/uploads\/2018\/11\/20131011_-_N.I.C.E._in_Aarhus_-_03_Ruth_Schleicher-512x512-c-default.jpg);\"><\/div>\n\t\t\t\t<\/a>\n\t\t\t\t\t\t\t<a class=\"b-photo-gallery-item\" href=\"https:\/\/www.kaos.at\/app\/uploads\/2018\/11\/20161007-N.I.C.E.-in-Gschwend-08_Ruth-Schleicher.jpg\" data-fancybox=\"block-5095\">\n\t\t\t\t\t<div class=\"b-photo-gallery-item-image\" style=\"background-image: url(https:\/\/www.kaos.at\/app\/uploads\/2018\/11\/20161007-N.I.C.E.-in-Gschwend-08_Ruth-Schleicher-512x512-c-default.jpg);\"><\/div>\n\t\t\t\t<\/a>\n\t\t\t\t\t\t\t<a class=\"b-photo-gallery-item\" href=\"https:\/\/www.kaos.at\/app\/uploads\/2018\/11\/20161007-N.I.C.E.-in-Gschwend-07_Ruth-Schleicher.jpg\" data-fancybox=\"block-5095\">\n\t\t\t\t\t<div class=\"b-photo-gallery-item-image\" style=\"background-image: url(https:\/\/www.kaos.at\/app\/uploads\/2018\/11\/20161007-N.I.C.E.-in-Gschwend-07_Ruth-Schleicher-512x512-c-default.jpg);\"><\/div>\n\t\t\t\t<\/a>\n\t\t\t\t\t\t\t<a class=\"b-photo-gallery-item\" href=\"https:\/\/www.kaos.at\/app\/uploads\/2018\/11\/20160228-\u00d6BVZ-Generalversammlung-03_Julia-Schleicher.jpg\" data-fancybox=\"block-5095\">\n\t\t\t\t\t<div class=\"b-photo-gallery-item-image\" style=\"background-image: url(https:\/\/www.kaos.at\/app\/uploads\/2018\/11\/20160228-\u00d6BVZ-Generalversammlung-03_Julia-Schleicher-512x512-c-default.jpg);\"><\/div>\n\t\t\t\t<\/a>\n\t\t\t\t\t<\/div>\n\t<\/div>\n<\/div>","protected":false},"excerpt":{"rendered":"<p>Expertise Since 1991 our experience and knowledge has made us an essential reference in circus pedagogy not only in Austria, but also in Europe. At our core is the fundamental idea that humans develop through movement, and circus has been our main instrument to implement this idea. Circus KAOS (the first children&#8217;s and youth circus &hellip; <a href=\"https:\/\/www.kaos.at\/en\/get\/expertise\/\">Continued<\/a><\/p>\n","protected":false},"author":1,"featured_media":0,"parent":643,"menu_order":0,"comment_status":"closed","ping_status":"closed","template":"","meta":[],"_links":{"self":[{"href":"https:\/\/www.kaos.at\/en\/wp-json\/wp\/v2\/pages\/2122\/"}],"collection":[{"href":"https:\/\/www.kaos.at\/en\/wp-json\/wp\/v2\/pages\/"}],"about":[{"href":"https:\/\/www.kaos.at\/en\/wp-json\/wp\/v2\/types\/page\/"}],"author":[{"embeddable":true,"href":"https:\/\/www.kaos.at\/en\/wp-json\/wp\/v2\/users\/1\/"}],"replies":[{"embeddable":true,"href":"https:\/\/www.kaos.at\/en\/wp-json\/wp\/v2\/comments\/?post=2122"}],"version-history":[{"count":1,"href":"https:\/\/www.kaos.at\/en\/wp-json\/wp\/v2\/pages\/2122\/revisions\/"}],"predecessor-version":[{"id":2126,"href":"https:\/\/www.kaos.at\/en\/wp-json\/wp\/v2\/pages\/2122\/revisions\/2126\/"}],"up":[{"embeddable":true,"href":"https:\/\/www.kaos.at\/en\/wp-json\/wp\/v2\/pages\/643\/"}],"wp:attachment":[{"href":"https:\/\/www.kaos.at\/en\/wp-json\/wp\/v2\/media\/?parent=2122"}],"curies":[{"name":"wp","href":"https:\/\/api.w.org\/{rel}","templated":true}]}}